{"id":599,"date":"2011-02-17T11:01:00","date_gmt":"2011-02-17T11:01:00","guid":{"rendered":"http:\/\/www.lettropolis.fr\/Blog\/"},"modified":"2013-11-14T06:13:54","modified_gmt":"2013-11-14T06:13:54","slug":"abonnement","status":"publish","type":"page","link":"http:\/\/www.lettropolis.fr\/Blog\/abonnement\/","title":{"rendered":"(D\u00e9s)Abonnement"},"content":{"rendered":"<p>Si vous souhaitez vous abonner aux informations \u00e9mises par Lettropolis rendez-vous dans la rubrique &#8220;<a href=\"http:\/\/www.lettropolis.fr\/Public\/Comptes\/C_Accueil.php\" target=\"_blank\">Mon compte<\/a>&#8220;.<\/p>\n<p>Si vous d\u00e9cidez de ne plus recevoir ces informations rendez-vous \u00e9galement dans la rubrique &#8220;Mon compte&#8221; ou en\u00a0suivant <a title=\"D\u00e9sabonnement\" href=\"http:\/\/www.lettropolis.fr\/Public\/Comptes\/Login_Mail_Desabonnement.php\" target=\"_blank\">ce lien<\/a>.<br \/>\nNous vous serions reconnaissants de nous en faire conna\u00eetre la raison et de nous faire part de vos \u00e9ventuelles remarques et suggestions. Pour ce, n&#8217;h\u00e9sitez pas \u00e0 nous \u00e9crire \u00e0 <a href=\"mailto:serviceclients@lettropolis.fr\">serviceclients@lettropolis.fr<\/a><\/p>\n<p>La Direction de Lettropolis<\/p>\n","protected":false},"excerpt":{"rendered":"<p>Si vous souhaitez vous abonner aux informations \u00e9mises par Lettropolis rendez-vous dans la rubrique &#8220;Mon compte&#8220;. Si vous d\u00e9cidez de ne plus recevoir ces informations rendez-vous \u00e9galement dans la rubrique &#8220;Mon compte&#8221; ou en\u00a0suivant ce lien. Nous vous serions reconnaissants &hellip; <a class=\"more-link\" href=\"http:\/\/www.lettropolis.fr\/Blog\/abonnement\/\">Suite <span class=\"meta-nav\">&rarr;<\/span><\/a><\/p>\n","protected":false},"author":4,"featured_media":0,"parent":0,"menu_order":3,"comment_status":"open","ping_status":"open","template":"","meta":{"_s2mail":"yes","footnotes":""},"class_list":["post-599","page","type-page","status-publish","hentry"],"yoast_head":"<!-- This site is optimized with the Yoast SEO plugin v26.6 - https:\/\/yoast.com\/wordpress\/plugins\/seo\/ -->\n<title>(D\u00e9s)Abonnement - Lettropolis<\/title>\n<meta name=\"robots\" content=\"index, follow, max-snippet:-1, max-image-preview:large, max-video-preview:-1\" \/>\n<link rel=\"canonical\" href=\"http:\/\/www.lettropolis.fr\/Blog\/abonnement\/\" \/>\n<meta property=\"og:locale\" content=\"fr_FR\" \/>\n<meta property=\"og:type\" content=\"article\" \/>\n<meta property=\"og:title\" content=\"(D\u00e9s)Abonnement - Lettropolis\" \/>\n<meta property=\"og:description\" content=\"Si vous souhaitez vous abonner aux informations \u00e9mises par Lettropolis rendez-vous dans la rubrique &#8220;Mon compte&#8220;. Si vous d\u00e9cidez de ne plus recevoir ces informations rendez-vous \u00e9galement dans la rubrique &#8220;Mon compte&#8221; ou en\u00a0suivant ce lien. Nous vous serions reconnaissants &hellip; Suite &rarr;\" \/>\n<meta property=\"og:url\" content=\"http:\/\/www.lettropolis.fr\/Blog\/abonnement\/\" \/>\n<meta property=\"og:site_name\" content=\"Lettropolis\" \/>\n<meta property=\"article:modified_time\" content=\"2013-11-14T06:13:54+00:00\" \/>\n<script type=\"application\/ld+json\" class=\"yoast-schema-graph\">{\"@context\":\"https:\/\/schema.org\",\"@graph\":[{\"@type\":\"WebPage\",\"@id\":\"http:\/\/www.lettropolis.fr\/Blog\/abonnement\/\",\"url\":\"http:\/\/www.lettropolis.fr\/Blog\/abonnement\/\",\"name\":\"(D\u00e9s)Abonnement - Lettropolis\",\"isPartOf\":{\"@id\":\"https:\/\/www.lettropolis.fr\/Blog\/#website\"},\"datePublished\":\"2011-02-17T11:01:00+00:00\",\"dateModified\":\"2013-11-14T06:13:54+00:00\",\"breadcrumb\":{\"@id\":\"http:\/\/www.lettropolis.fr\/Blog\/abonnement\/#breadcrumb\"},\"inLanguage\":\"fr-FR\",\"potentialAction\":[{\"@type\":\"ReadAction\",\"target\":[\"http:\/\/www.lettropolis.fr\/Blog\/abonnement\/\"]}]},{\"@type\":\"BreadcrumbList\",\"@id\":\"http:\/\/www.lettropolis.fr\/Blog\/abonnement\/#breadcrumb\",\"itemListElement\":[{\"@type\":\"ListItem\",\"position\":1,\"name\":\"Accueil\",\"item\":\"https:\/\/www.lettropolis.fr\/Blog\/\"},{\"@type\":\"ListItem\",\"position\":2,\"name\":\"(D\u00e9s)Abonnement\"}]},{\"@type\":\"WebSite\",\"@id\":\"https:\/\/www.lettropolis.fr\/Blog\/#website\",\"url\":\"https:\/\/www.lettropolis.fr\/Blog\/\",\"name\":\"Lettropolis\",\"description\":\"La promotion globale de l&#039;internet litt\u00e9raire\",\"potentialAction\":[{\"@type\":\"SearchAction\",\"target\":{\"@type\":\"EntryPoint\",\"urlTemplate\":\"https:\/\/www.lettropolis.fr\/Blog\/?s={search_term_string}\"},\"query-input\":{\"@type\":\"PropertyValueSpecification\",\"valueRequired\":true,\"valueName\":\"search_term_string\"}}],\"inLanguage\":\"fr-FR\"}]}<\/script>\n<!-- \/ Yoast SEO plugin. -->","yoast_head_json":{"title":"(D\u00e9s)Abonnement - Lettropolis","robots":{"index":"index","follow":"follow","max-snippet":"max-snippet:-1","max-image-preview":"max-image-preview:large","max-video-preview":"max-video-preview:-1"},"canonical":"http:\/\/www.lettropolis.fr\/Blog\/abonnement\/","og_locale":"fr_FR","og_type":"article","og_title":"(D\u00e9s)Abonnement - Lettropolis","og_description":"Si vous souhaitez vous abonner aux informations \u00e9mises par Lettropolis rendez-vous dans la rubrique &#8220;Mon compte&#8220;. Si vous d\u00e9cidez de ne plus recevoir ces informations rendez-vous \u00e9galement dans la rubrique &#8220;Mon compte&#8221; ou en\u00a0suivant ce lien. Nous vous serions reconnaissants &hellip; Suite &rarr;","og_url":"http:\/\/www.lettropolis.fr\/Blog\/abonnement\/","og_site_name":"Lettropolis","article_modified_time":"2013-11-14T06:13:54+00:00","schema":{"@context":"https:\/\/schema.org","@graph":[{"@type":"WebPage","@id":"http:\/\/www.lettropolis.fr\/Blog\/abonnement\/","url":"http:\/\/www.lettropolis.fr\/Blog\/abonnement\/","name":"(D\u00e9s)Abonnement - Lettropolis","isPartOf":{"@id":"https:\/\/www.lettropolis.fr\/Blog\/#website"},"datePublished":"2011-02-17T11:01:00+00:00","dateModified":"2013-11-14T06:13:54+00:00","breadcrumb":{"@id":"http:\/\/www.lettropolis.fr\/Blog\/abonnement\/#breadcrumb"},"inLanguage":"fr-FR","potentialAction":[{"@type":"ReadAction","target":["http:\/\/www.lettropolis.fr\/Blog\/abonnement\/"]}]},{"@type":"BreadcrumbList","@id":"http:\/\/www.lettropolis.fr\/Blog\/abonnement\/#breadcrumb","itemListElement":[{"@type":"ListItem","position":1,"name":"Accueil","item":"https:\/\/www.lettropolis.fr\/Blog\/"},{"@type":"ListItem","position":2,"name":"(D\u00e9s)Abonnement"}]},{"@type":"WebSite","@id":"https:\/\/www.lettropolis.fr\/Blog\/#website","url":"https:\/\/www.lettropolis.fr\/Blog\/","name":"Lettropolis","description":"La promotion globale de l&#039;internet litt\u00e9raire","potentialAction":[{"@type":"SearchAction","target":{"@type":"EntryPoint","urlTemplate":"https:\/\/www.lettropolis.fr\/Blog\/?s={search_term_string}"},"query-input":{"@type":"PropertyValueSpecification","valueRequired":true,"valueName":"search_term_string"}}],"inLanguage":"fr-FR"}]}},"jetpack_sharing_enabled":true,"_links":{"self":[{"href":"http:\/\/www.lettropolis.fr\/Blog\/wp-json\/wp\/v2\/pages\/599","targetHints":{"allow":["GET"]}}],"collection":[{"href":"http:\/\/www.lettropolis.fr\/Blog\/wp-json\/wp\/v2\/pages"}],"about":[{"href":"http:\/\/www.lettropolis.fr\/Blog\/wp-json\/wp\/v2\/types\/page"}],"author":[{"embeddable":true,"href":"http:\/\/www.lettropolis.fr\/Blog\/wp-json\/wp\/v2\/users\/4"}],"replies":[{"embeddable":true,"href":"http:\/\/www.lettropolis.fr\/Blog\/wp-json\/wp\/v2\/comments?post=599"}],"version-history":[{"count":3,"href":"http:\/\/www.lettropolis.fr\/Blog\/wp-json\/wp\/v2\/pages\/599\/revisions"}],"predecessor-version":[{"id":2505,"href":"http:\/\/www.lettropolis.fr\/Blog\/wp-json\/wp\/v2\/pages\/599\/revisions\/2505"}],"wp:attachment":[{"href":"http:\/\/www.lettropolis.fr\/Blog\/wp-json\/wp\/v2\/media?parent=599"}],"curies":[{"name":"wp","href":"https:\/\/api.w.org\/{rel}","templated":true}]}}