{"id":3751,"date":"2024-03-20T23:44:40","date_gmt":"2024-03-20T23:44:40","guid":{"rendered":"http:\/\/www.lettropolis.fr\/Blog\/?page_id=3751"},"modified":"2024-03-20T23:44:43","modified_gmt":"2024-03-20T23:44:43","slug":"lettropolis","status":"publish","type":"page","link":"http:\/\/www.lettropolis.fr\/Blog\/lettropolis\/","title":{"rendered":"LETTROPOLIS"},"content":{"rendered":"\n<p>Par go\u00fbt du partage et ouverture au monde nous donnons vie \u00e0 un nouveau concept num\u00e9rique d&#8217;\u00e9dition-agence litt\u00e9raire.<br \/>Nous accueillons et \u00e9valuons les textes d&#8217;auteurs qui n&#8217;ont pas trouv\u00e9 leurs \u00e9diteurs-papier malgr\u00e9 leurs talents.<br \/>La raison d&#8217;\u00eatre de LETTROPOLIS, la promotion globale de l&#8217;internet litt\u00e9raire, passe par la d\u00e9fense de la litt\u00e9rature porteuse de sens, de travail et de force.<\/p>\n","protected":false},"excerpt":{"rendered":"<p>Par go\u00fbt du partage et ouverture au monde nous donnons vie \u00e0 un nouveau concept num\u00e9rique d&#8217;\u00e9dition-agence litt\u00e9raire.Nous accueillons et \u00e9valuons les textes d&#8217;auteurs qui n&#8217;ont pas trouv\u00e9 leurs \u00e9diteurs-papier malgr\u00e9 leurs talents.La raison d&#8217;\u00eatre de LETTROPOLIS, la promotion globale &hellip; <a class=\"more-link\" href=\"http:\/\/www.lettropolis.fr\/Blog\/lettropolis\/\">Suite <span class=\"meta-nav\">&rarr;<\/span><\/a><\/p>\n","protected":false},"author":11,"featured_media":0,"parent":0,"menu_order":0,"comment_status":"closed","ping_status":"closed","template":"","meta":{"_s2mail":"yes","footnotes":""},"class_list":["post-3751","page","type-page","status-publish","hentry"],"yoast_head":"<!-- This site is optimized with the Yoast SEO plugin v26.6 - https:\/\/yoast.com\/wordpress\/plugins\/seo\/ -->\n<title>LETTROPOLIS - Lettropolis<\/title>\n<meta name=\"robots\" content=\"index, follow, max-snippet:-1, max-image-preview:large, max-video-preview:-1\" \/>\n<link rel=\"canonical\" href=\"http:\/\/www.lettropolis.fr\/Blog\/lettropolis\/\" \/>\n<meta property=\"og:locale\" content=\"fr_FR\" \/>\n<meta property=\"og:type\" content=\"article\" \/>\n<meta property=\"og:title\" content=\"LETTROPOLIS - Lettropolis\" \/>\n<meta property=\"og:description\" content=\"Par go\u00fbt du partage et ouverture au monde nous donnons vie \u00e0 un nouveau concept num\u00e9rique d&#8217;\u00e9dition-agence litt\u00e9raire.Nous accueillons et \u00e9valuons les textes d&#8217;auteurs qui n&#8217;ont pas trouv\u00e9 leurs \u00e9diteurs-papier malgr\u00e9 leurs talents.La raison d&#8217;\u00eatre de LETTROPOLIS, la promotion globale &hellip; Suite &rarr;\" \/>\n<meta property=\"og:url\" content=\"http:\/\/www.lettropolis.fr\/Blog\/lettropolis\/\" \/>\n<meta property=\"og:site_name\" content=\"Lettropolis\" \/>\n<meta property=\"article:modified_time\" content=\"2024-03-20T23:44:43+00:00\" \/>\n<meta name=\"twitter:label1\" content=\"Dur\u00e9e de lecture estim\u00e9e\" \/>\n\t<meta name=\"twitter:data1\" content=\"1 minute\" \/>\n<script type=\"application\/ld+json\" class=\"yoast-schema-graph\">{\"@context\":\"https:\/\/schema.org\",\"@graph\":[{\"@type\":\"WebPage\",\"@id\":\"http:\/\/www.lettropolis.fr\/Blog\/lettropolis\/\",\"url\":\"http:\/\/www.lettropolis.fr\/Blog\/lettropolis\/\",\"name\":\"LETTROPOLIS - Lettropolis\",\"isPartOf\":{\"@id\":\"https:\/\/www.lettropolis.fr\/Blog\/#website\"},\"datePublished\":\"2024-03-20T23:44:40+00:00\",\"dateModified\":\"2024-03-20T23:44:43+00:00\",\"breadcrumb\":{\"@id\":\"http:\/\/www.lettropolis.fr\/Blog\/lettropolis\/#breadcrumb\"},\"inLanguage\":\"fr-FR\",\"potentialAction\":[{\"@type\":\"ReadAction\",\"target\":[\"http:\/\/www.lettropolis.fr\/Blog\/lettropolis\/\"]}]},{\"@type\":\"BreadcrumbList\",\"@id\":\"http:\/\/www.lettropolis.fr\/Blog\/lettropolis\/#breadcrumb\",\"itemListElement\":[{\"@type\":\"ListItem\",\"position\":1,\"name\":\"Accueil\",\"item\":\"https:\/\/www.lettropolis.fr\/Blog\/\"},{\"@type\":\"ListItem\",\"position\":2,\"name\":\"LETTROPOLIS\"}]},{\"@type\":\"WebSite\",\"@id\":\"https:\/\/www.lettropolis.fr\/Blog\/#website\",\"url\":\"https:\/\/www.lettropolis.fr\/Blog\/\",\"name\":\"Lettropolis\",\"description\":\"La promotion globale de l&#039;internet litt\u00e9raire\",\"potentialAction\":[{\"@type\":\"SearchAction\",\"target\":{\"@type\":\"EntryPoint\",\"urlTemplate\":\"https:\/\/www.lettropolis.fr\/Blog\/?s={search_term_string}\"},\"query-input\":{\"@type\":\"PropertyValueSpecification\",\"valueRequired\":true,\"valueName\":\"search_term_string\"}}],\"inLanguage\":\"fr-FR\"}]}<\/script>\n<!-- \/ Yoast SEO plugin. -->","yoast_head_json":{"title":"LETTROPOLIS - Lettropolis","robots":{"index":"index","follow":"follow","max-snippet":"max-snippet:-1","max-image-preview":"max-image-preview:large","max-video-preview":"max-video-preview:-1"},"canonical":"http:\/\/www.lettropolis.fr\/Blog\/lettropolis\/","og_locale":"fr_FR","og_type":"article","og_title":"LETTROPOLIS - Lettropolis","og_description":"Par go\u00fbt du partage et ouverture au monde nous donnons vie \u00e0 un nouveau concept num\u00e9rique d&#8217;\u00e9dition-agence litt\u00e9raire.Nous accueillons et \u00e9valuons les textes d&#8217;auteurs qui n&#8217;ont pas trouv\u00e9 leurs \u00e9diteurs-papier malgr\u00e9 leurs talents.La raison d&#8217;\u00eatre de LETTROPOLIS, la promotion globale &hellip; Suite &rarr;","og_url":"http:\/\/www.lettropolis.fr\/Blog\/lettropolis\/","og_site_name":"Lettropolis","article_modified_time":"2024-03-20T23:44:43+00:00","twitter_misc":{"Dur\u00e9e de lecture estim\u00e9e":"1 minute"},"schema":{"@context":"https:\/\/schema.org","@graph":[{"@type":"WebPage","@id":"http:\/\/www.lettropolis.fr\/Blog\/lettropolis\/","url":"http:\/\/www.lettropolis.fr\/Blog\/lettropolis\/","name":"LETTROPOLIS - Lettropolis","isPartOf":{"@id":"https:\/\/www.lettropolis.fr\/Blog\/#website"},"datePublished":"2024-03-20T23:44:40+00:00","dateModified":"2024-03-20T23:44:43+00:00","breadcrumb":{"@id":"http:\/\/www.lettropolis.fr\/Blog\/lettropolis\/#breadcrumb"},"inLanguage":"fr-FR","potentialAction":[{"@type":"ReadAction","target":["http:\/\/www.lettropolis.fr\/Blog\/lettropolis\/"]}]},{"@type":"BreadcrumbList","@id":"http:\/\/www.lettropolis.fr\/Blog\/lettropolis\/#breadcrumb","itemListElement":[{"@type":"ListItem","position":1,"name":"Accueil","item":"https:\/\/www.lettropolis.fr\/Blog\/"},{"@type":"ListItem","position":2,"name":"LETTROPOLIS"}]},{"@type":"WebSite","@id":"https:\/\/www.lettropolis.fr\/Blog\/#website","url":"https:\/\/www.lettropolis.fr\/Blog\/","name":"Lettropolis","description":"La promotion globale de l&#039;internet litt\u00e9raire","potentialAction":[{"@type":"SearchAction","target":{"@type":"EntryPoint","urlTemplate":"https:\/\/www.lettropolis.fr\/Blog\/?s={search_term_string}"},"query-input":{"@type":"PropertyValueSpecification","valueRequired":true,"valueName":"search_term_string"}}],"inLanguage":"fr-FR"}]}},"jetpack_sharing_enabled":true,"_links":{"self":[{"href":"http:\/\/www.lettropolis.fr\/Blog\/wp-json\/wp\/v2\/pages\/3751","targetHints":{"allow":["GET"]}}],"collection":[{"href":"http:\/\/www.lettropolis.fr\/Blog\/wp-json\/wp\/v2\/pages"}],"about":[{"href":"http:\/\/www.lettropolis.fr\/Blog\/wp-json\/wp\/v2\/types\/page"}],"author":[{"embeddable":true,"href":"http:\/\/www.lettropolis.fr\/Blog\/wp-json\/wp\/v2\/users\/11"}],"replies":[{"embeddable":true,"href":"http:\/\/www.lettropolis.fr\/Blog\/wp-json\/wp\/v2\/comments?post=3751"}],"version-history":[{"count":1,"href":"http:\/\/www.lettropolis.fr\/Blog\/wp-json\/wp\/v2\/pages\/3751\/revisions"}],"predecessor-version":[{"id":3752,"href":"http:\/\/www.lettropolis.fr\/Blog\/wp-json\/wp\/v2\/pages\/3751\/revisions\/3752"}],"wp:attachment":[{"href":"http:\/\/www.lettropolis.fr\/Blog\/wp-json\/wp\/v2\/media?parent=3751"}],"curies":[{"name":"wp","href":"https:\/\/api.w.org\/{rel}","templated":true}]}}