{"id":2,"date":"2010-11-12T08:22:59","date_gmt":"2010-11-12T08:22:59","guid":{"rendered":"http:\/\/www.lettropolis.fr\/Blog\/?page_id=2"},"modified":"2024-03-20T23:39:21","modified_gmt":"2024-03-20T23:39:21","slug":"a-propos","status":"publish","type":"page","link":"http:\/\/www.lettropolis.fr\/Blog\/a-propos\/","title":{"rendered":"\u00c0 propos"},"content":{"rendered":"<p><span style=\"font-family: Times New Roman, serif;\"><span style=\"font-size: medium;\">Ce blog est le compl\u00e9ment litt\u00e9raire de Lettropolis qu&#8217;il enrichit par une r\u00e9flexion actualis\u00e9e sur la litt\u00e9rature, non seulement telle que nous la proposons par nos OLNIs<span style=\"font-family: Times New Roman, serif;\">\u00ae, mais \u00e9galement telle qu&#8217;elle s&#8217;interroge sur le monde.<\/span><\/span><\/span><\/p>\n<p><span style=\"font-family: Times New Roman, serif;\"><span style=\"font-size: medium;\">Ainsi nous regrouperons, \u00e9largirons, et discuterons nos points de vue avec nos invit\u00e9s. <\/span><\/span><\/p>\n<p><span style=\"font-family: Times New Roman, serif;\"><span style=\"font-size: medium;\">N&#8217;h\u00e9sitez pas \u00e0 nous faire part des v\u00f4tres, et \u00e0 nous rejoindre, si le c\u0153ur vous en dit. <\/span><\/span><\/p>\n<p><span style=\"font-family: Times New Roman, serif;\"><span style=\"font-size: medium;\">La direction de Lettropolis<\/span><\/span><\/p>\n","protected":false},"excerpt":{"rendered":"<p>Ce blog est le compl\u00e9ment litt\u00e9raire de Lettropolis qu&#8217;il enrichit par une r\u00e9flexion actualis\u00e9e sur la litt\u00e9rature, non seulement telle que nous la proposons par nos OLNIs\u00ae, mais \u00e9galement telle qu&#8217;elle s&#8217;interroge sur le monde. Ainsi nous regrouperons, \u00e9largirons, et &hellip; <a class=\"more-link\" href=\"http:\/\/www.lettropolis.fr\/Blog\/a-propos\/\">Suite <span class=\"meta-nav\">&rarr;<\/span><\/a><\/p>\n","protected":false},"author":11,"featured_media":0,"parent":0,"menu_order":2,"comment_status":"closed","ping_status":"closed","template":"","meta":{"_s2mail":"yes","footnotes":""},"class_list":["post-2","page","type-page","status-publish","hentry"],"yoast_head":"<!-- This site is optimized with the Yoast SEO plugin v26.6 - https:\/\/yoast.com\/wordpress\/plugins\/seo\/ -->\n<title>\u00c0 propos - Lettropolis<\/title>\n<meta name=\"robots\" content=\"index, follow, max-snippet:-1, max-image-preview:large, max-video-preview:-1\" \/>\n<link rel=\"canonical\" href=\"http:\/\/www.lettropolis.fr\/Blog\/a-propos\/\" \/>\n<meta property=\"og:locale\" content=\"fr_FR\" \/>\n<meta property=\"og:type\" content=\"article\" \/>\n<meta property=\"og:title\" content=\"\u00c0 propos - Lettropolis\" \/>\n<meta property=\"og:description\" content=\"Ce blog est le compl\u00e9ment litt\u00e9raire de Lettropolis qu&#8217;il enrichit par une r\u00e9flexion actualis\u00e9e sur la litt\u00e9rature, non seulement telle que nous la proposons par nos OLNIs\u00ae, mais \u00e9galement telle qu&#8217;elle s&#8217;interroge sur le monde. Ainsi nous regrouperons, \u00e9largirons, et &hellip; Suite &rarr;\" \/>\n<meta property=\"og:url\" content=\"http:\/\/www.lettropolis.fr\/Blog\/a-propos\/\" \/>\n<meta property=\"og:site_name\" content=\"Lettropolis\" \/>\n<meta property=\"article:modified_time\" content=\"2024-03-20T23:39:21+00:00\" \/>\n<meta name=\"twitter:label1\" content=\"Dur\u00e9e de lecture estim\u00e9e\" \/>\n\t<meta name=\"twitter:data1\" content=\"1 minute\" \/>\n<script type=\"application\/ld+json\" class=\"yoast-schema-graph\">{\"@context\":\"https:\/\/schema.org\",\"@graph\":[{\"@type\":\"WebPage\",\"@id\":\"http:\/\/www.lettropolis.fr\/Blog\/a-propos\/\",\"url\":\"http:\/\/www.lettropolis.fr\/Blog\/a-propos\/\",\"name\":\"\u00c0 propos - Lettropolis\",\"isPartOf\":{\"@id\":\"https:\/\/www.lettropolis.fr\/Blog\/#website\"},\"datePublished\":\"2010-11-12T08:22:59+00:00\",\"dateModified\":\"2024-03-20T23:39:21+00:00\",\"breadcrumb\":{\"@id\":\"http:\/\/www.lettropolis.fr\/Blog\/a-propos\/#breadcrumb\"},\"inLanguage\":\"fr-FR\",\"potentialAction\":[{\"@type\":\"ReadAction\",\"target\":[\"http:\/\/www.lettropolis.fr\/Blog\/a-propos\/\"]}]},{\"@type\":\"BreadcrumbList\",\"@id\":\"http:\/\/www.lettropolis.fr\/Blog\/a-propos\/#breadcrumb\",\"itemListElement\":[{\"@type\":\"ListItem\",\"position\":1,\"name\":\"Accueil\",\"item\":\"https:\/\/www.lettropolis.fr\/Blog\/\"},{\"@type\":\"ListItem\",\"position\":2,\"name\":\"\u00c0 propos\"}]},{\"@type\":\"WebSite\",\"@id\":\"https:\/\/www.lettropolis.fr\/Blog\/#website\",\"url\":\"https:\/\/www.lettropolis.fr\/Blog\/\",\"name\":\"Lettropolis\",\"description\":\"La promotion globale de l&#039;internet litt\u00e9raire\",\"potentialAction\":[{\"@type\":\"SearchAction\",\"target\":{\"@type\":\"EntryPoint\",\"urlTemplate\":\"https:\/\/www.lettropolis.fr\/Blog\/?s={search_term_string}\"},\"query-input\":{\"@type\":\"PropertyValueSpecification\",\"valueRequired\":true,\"valueName\":\"search_term_string\"}}],\"inLanguage\":\"fr-FR\"}]}<\/script>\n<!-- \/ Yoast SEO plugin. -->","yoast_head_json":{"title":"\u00c0 propos - Lettropolis","robots":{"index":"index","follow":"follow","max-snippet":"max-snippet:-1","max-image-preview":"max-image-preview:large","max-video-preview":"max-video-preview:-1"},"canonical":"http:\/\/www.lettropolis.fr\/Blog\/a-propos\/","og_locale":"fr_FR","og_type":"article","og_title":"\u00c0 propos - Lettropolis","og_description":"Ce blog est le compl\u00e9ment litt\u00e9raire de Lettropolis qu&#8217;il enrichit par une r\u00e9flexion actualis\u00e9e sur la litt\u00e9rature, non seulement telle que nous la proposons par nos OLNIs\u00ae, mais \u00e9galement telle qu&#8217;elle s&#8217;interroge sur le monde. Ainsi nous regrouperons, \u00e9largirons, et &hellip; Suite &rarr;","og_url":"http:\/\/www.lettropolis.fr\/Blog\/a-propos\/","og_site_name":"Lettropolis","article_modified_time":"2024-03-20T23:39:21+00:00","twitter_misc":{"Dur\u00e9e de lecture estim\u00e9e":"1 minute"},"schema":{"@context":"https:\/\/schema.org","@graph":[{"@type":"WebPage","@id":"http:\/\/www.lettropolis.fr\/Blog\/a-propos\/","url":"http:\/\/www.lettropolis.fr\/Blog\/a-propos\/","name":"\u00c0 propos - Lettropolis","isPartOf":{"@id":"https:\/\/www.lettropolis.fr\/Blog\/#website"},"datePublished":"2010-11-12T08:22:59+00:00","dateModified":"2024-03-20T23:39:21+00:00","breadcrumb":{"@id":"http:\/\/www.lettropolis.fr\/Blog\/a-propos\/#breadcrumb"},"inLanguage":"fr-FR","potentialAction":[{"@type":"ReadAction","target":["http:\/\/www.lettropolis.fr\/Blog\/a-propos\/"]}]},{"@type":"BreadcrumbList","@id":"http:\/\/www.lettropolis.fr\/Blog\/a-propos\/#breadcrumb","itemListElement":[{"@type":"ListItem","position":1,"name":"Accueil","item":"https:\/\/www.lettropolis.fr\/Blog\/"},{"@type":"ListItem","position":2,"name":"\u00c0 propos"}]},{"@type":"WebSite","@id":"https:\/\/www.lettropolis.fr\/Blog\/#website","url":"https:\/\/www.lettropolis.fr\/Blog\/","name":"Lettropolis","description":"La promotion globale de l&#039;internet litt\u00e9raire","potentialAction":[{"@type":"SearchAction","target":{"@type":"EntryPoint","urlTemplate":"https:\/\/www.lettropolis.fr\/Blog\/?s={search_term_string}"},"query-input":{"@type":"PropertyValueSpecification","valueRequired":true,"valueName":"search_term_string"}}],"inLanguage":"fr-FR"}]}},"jetpack_sharing_enabled":true,"_links":{"self":[{"href":"http:\/\/www.lettropolis.fr\/Blog\/wp-json\/wp\/v2\/pages\/2","targetHints":{"allow":["GET"]}}],"collection":[{"href":"http:\/\/www.lettropolis.fr\/Blog\/wp-json\/wp\/v2\/pages"}],"about":[{"href":"http:\/\/www.lettropolis.fr\/Blog\/wp-json\/wp\/v2\/types\/page"}],"author":[{"embeddable":true,"href":"http:\/\/www.lettropolis.fr\/Blog\/wp-json\/wp\/v2\/users\/11"}],"replies":[{"embeddable":true,"href":"http:\/\/www.lettropolis.fr\/Blog\/wp-json\/wp\/v2\/comments?post=2"}],"version-history":[{"count":1,"href":"http:\/\/www.lettropolis.fr\/Blog\/wp-json\/wp\/v2\/pages\/2\/revisions"}],"predecessor-version":[{"id":2503,"href":"http:\/\/www.lettropolis.fr\/Blog\/wp-json\/wp\/v2\/pages\/2\/revisions\/2503"}],"wp:attachment":[{"href":"http:\/\/www.lettropolis.fr\/Blog\/wp-json\/wp\/v2\/media?parent=2"}],"curies":[{"name":"wp","href":"https:\/\/api.w.org\/{rel}","templated":true}]}}